{"id":757,"date":"2024-12-18T03:48:14","date_gmt":"2024-12-18T03:48:14","guid":{"rendered":"https:\/\/liberacionenjesus.com\/?page_id=757"},"modified":"2025-02-03T21:13:28","modified_gmt":"2025-02-03T21:13:28","slug":"donate-new","status":"publish","type":"page","link":"https:\/\/liberacionenjesus.com\/index.php\/donate-new\/","title":{"rendered":"DONATE-NEW"},"content":{"rendered":"\t\t<div data-elementor-type=\"wp-page\" data-elementor-id=\"757\" class=\"elementor elementor-757\" data-elementor-post-type=\"page\">\n\t\t\t\t<div class=\"elementor-element elementor-element-448cbb36 e-con-full e-flex e-con e-parent\" data-id=\"448cbb36\" data-element_type=\"container\">\n\t\t<div class=\"elementor-element elementor-element-508abccc e-con-full e-flex e-con e-child\" data-id=\"508abccc\" data-element_type=\"container\">\n\t\t\t\t<div class=\"elementor-element elementor-element-6643682b elementor-widget__width-initial elementor-widget elementor-widget-video\" data-id=\"6643682b\" data-element_type=\"widget\" data-settings=\"{&quot;youtube_url&quot;:&quot;https:\\\/\\\/www.youtube.com\\\/watch?v=Zt19BefZ6VM&quot;,&quot;show_image_overlay&quot;:&quot;yes&quot;,&quot;image_overlay&quot;:{&quot;url&quot;:&quot;https:\\\/\\\/liberacionenjesus.com\\\/wp-content\\\/uploads\\\/2024\\\/12\\\/donation-hero.jpg&quot;,&quot;id&quot;:759,&quot;size&quot;:&quot;&quot;},&quot;loop&quot;:&quot;yes&quot;,&quot;video_type&quot;:&quot;youtube&quot;,&quot;controls&quot;:&quot;yes&quot;}\" data-widget_type=\"video.default\">\n\t\t\t\t<div class=\"elementor-widget-container\">\n\t\t\t\t\t\t\t<div class=\"elementor-wrapper elementor-open-inline\">\n\t\t\t<div class=\"elementor-video\"><\/div>\t\t\t\t<div class=\"elementor-custom-embed-image-overlay\" style=\"background-image: url(https:\/\/liberacionenjesus.com\/wp-content\/uploads\/2024\/12\/donation-hero.jpg);\">\n\t\t\t\t\t\t\t\t\t\t\t\t\t\t\t\t<div class=\"elementor-custom-embed-play\" role=\"button\" aria-label=\"Play Video\" tabindex=\"0\">\n\t\t\t\t\t\t\t<svg aria-hidden=\"true\" class=\"e-font-icon-svg e-fas-play-circle\" viewBox=\"0 0 512 512\" xmlns=\"http:\/\/www.w3.org\/2000\/svg\"><path d=\"M256 8C119 8 8 119 8 256s111 248 248 248 248-111 248-248S393 8 256 8zm115.7 272l-176 101c-15.8 8.8-35.7-2.5-35.7-21V152c0-18.4 19.8-29.8 35.7-21l176 107c16.4 9.2 16.4 32.9 0 42z\"><\/path><\/svg>\t\t\t\t\t\t<\/div>\n\t\t\t\t\t\t\t\t\t<\/div>\n\t\t\t\t\t<\/div>\n\t\t\t\t\t\t<\/div>\n\t\t\t\t<\/div>\n\t\t<div class=\"elementor-element elementor-element-4e44097 e-con-full e-flex e-con e-child\" data-id=\"4e44097\" data-element_type=\"container\">\n\t\t\t\t<div class=\"elementor-element elementor-element-5aa89593 elementor-widget elementor-widget-heading\" data-id=\"5aa89593\" data-element_type=\"widget\" data-widget_type=\"heading.default\">\n\t\t\t\t<div class=\"elementor-widget-container\">\n\t\t\t\t\t<h2 class=\"elementor-heading-title elementor-size-default\">donar \u2014<\/h2>\t\t\t\t<\/div>\n\t\t\t\t<\/div>\n\t\t\t\t<div class=\"elementor-element elementor-element-60ae3d51 elementor-widget elementor-widget-heading\" data-id=\"60ae3d51\" data-element_type=\"widget\" data-widget_type=\"heading.default\">\n\t\t\t\t<div class=\"elementor-widget-container\">\n\t\t\t\t\t<h2 class=\"elementor-heading-title elementor-size-default\">Tu Generosidad Cuenta<\/h2>\t\t\t\t<\/div>\n\t\t\t\t<\/div>\n\t\t<div class=\"elementor-element elementor-element-21bfdd82 e-con-full e-flex e-con e-child\" data-id=\"21bfdd82\" data-element_type=\"container\">\n\t\t\t\t<div class=\"elementor-element elementor-element-3aefa10a elementor-widget__width-initial elementor-widget elementor-widget-button\" data-id=\"3aefa10a\" data-element_type=\"widget\" data-widget_type=\"button.default\">\n\t\t\t\t<div class=\"elementor-widget-container\">\n\t\t\t\t\t\t\t\t\t<div class=\"elementor-button-wrapper\">\n\t\t\t\t\t<a class=\"elementor-button elementor-button-link elementor-size-sm\" href=\"#online\">\n\t\t\t\t\t\t<span class=\"elementor-button-content-wrapper\">\n\t\t\t\t\t\t<span class=\"elementor-button-icon\">\n\t\t\t\t<svg aria-hidden=\"true\" class=\"e-font-icon-svg e-fas-hand-holding-heart\" viewBox=\"0 0 576 512\" xmlns=\"http:\/\/www.w3.org\/2000\/svg\"><path d=\"M275.3 250.5c7 7.4 18.4 7.4 25.5 0l108.9-114.2c31.6-33.2 29.8-88.2-5.6-118.8-30.8-26.7-76.7-21.9-104.9 7.7L288 36.9l-11.1-11.6C248.7-4.4 202.8-9.2 172 17.5c-35.3 30.6-37.2 85.6-5.6 118.8l108.9 114.2zm290 77.6c-11.8-10.7-30.2-10-42.6 0L430.3 402c-11.3 9.1-25.4 14-40 14H272c-8.8 0-16-7.2-16-16s7.2-16 16-16h78.3c15.9 0 30.7-10.9 33.3-26.6 3.3-20-12.1-37.4-31.6-37.4H192c-27 0-53.1 9.3-74.1 26.3L71.4 384H16c-8.8 0-16 7.2-16 16v96c0 8.8 7.2 16 16 16h356.8c14.5 0 28.6-4.9 40-14L564 377c15.2-12.1 16.4-35.3 1.3-48.9z\"><\/path><\/svg>\t\t\t<\/span>\n\t\t\t\t\t\t\t\t\t<span class=\"elementor-button-text\">DONAR EN L\u00cdNEA<\/span>\n\t\t\t\t\t<\/span>\n\t\t\t\t\t<\/a>\n\t\t\t\t<\/div>\n\t\t\t\t\t\t\t\t<\/div>\n\t\t\t\t<\/div>\n\t\t\t\t<div class=\"elementor-element elementor-element-25689a34 elementor-widget elementor-widget-button\" data-id=\"25689a34\" data-element_type=\"widget\" data-widget_type=\"button.default\">\n\t\t\t\t<div class=\"elementor-widget-container\">\n\t\t\t\t\t\t\t\t\t<div class=\"elementor-button-wrapper\">\n\t\t\t\t\t<a class=\"elementor-button elementor-button-link elementor-size-sm\" href=\"#mail\">\n\t\t\t\t\t\t<span class=\"elementor-button-content-wrapper\">\n\t\t\t\t\t\t<span class=\"elementor-button-icon\">\n\t\t\t\t<svg aria-hidden=\"true\" class=\"e-font-icon-svg e-far-envelope\" viewBox=\"0 0 512 512\" xmlns=\"http:\/\/www.w3.org\/2000\/svg\"><path d=\"M464 64H48C21.49 64 0 85.49 0 112v288c0 26.51 21.49 48 48 48h416c26.51 0 48-21.49 48-48V112c0-26.51-21.49-48-48-48zm0 48v40.805c-22.422 18.259-58.168 46.651-134.587 106.49-16.841 13.247-50.201 45.072-73.413 44.701-23.208.375-56.579-31.459-73.413-44.701C106.18 199.465 70.425 171.067 48 152.805V112h416zM48 400V214.398c22.914 18.251 55.409 43.862 104.938 82.646 21.857 17.205 60.134 55.186 103.062 54.955 42.717.231 80.509-37.199 103.053-54.947 49.528-38.783 82.032-64.401 104.947-82.653V400H48z\"><\/path><\/svg>\t\t\t<\/span>\n\t\t\t\t\t\t\t\t\t<span class=\"elementor-button-text\">DONAR POR CORREO<\/span>\n\t\t\t\t\t<\/span>\n\t\t\t\t\t<\/a>\n\t\t\t\t<\/div>\n\t\t\t\t\t\t\t\t<\/div>\n\t\t\t\t<\/div>\n\t\t\t\t<\/div>\n\t\t\t\t<\/div>\n\t\t\t\t<\/div>\n\t\t\t\t<\/div>\n\t\t<div class=\"elementor-element elementor-element-3b2f4fdb e-con-full e-flex e-con e-parent\" data-id=\"3b2f4fdb\" data-element_type=\"container\">\n\t\t<div class=\"elementor-element elementor-element-642cb8e5 e-con-full e-flex e-con e-child\" data-id=\"642cb8e5\" data-element_type=\"container\">\n\t\t<div class=\"elementor-element elementor-element-4dc9f30a e-con-full e-flex e-con e-child\" data-id=\"4dc9f30a\" data-element_type=\"container\">\n\t\t\t\t<div class=\"elementor-element elementor-element-507aada3 elementor-widget elementor-widget-spacer\" data-id=\"507aada3\" data-element_type=\"widget\" data-widget_type=\"spacer.default\">\n\t\t\t\t<div class=\"elementor-widget-container\">\n\t\t\t\t\t\t\t<div class=\"elementor-spacer\">\n\t\t\t<div class=\"elementor-spacer-inner\"><\/div>\n\t\t<\/div>\n\t\t\t\t\t\t<\/div>\n\t\t\t\t<\/div>\n\t\t\t\t<div class=\"elementor-element elementor-element-656410db elementor-widget__width-initial elementor-widget-tablet__width-inherit elementor-widget elementor-widget-heading\" data-id=\"656410db\" data-element_type=\"widget\" data-widget_type=\"heading.default\">\n\t\t\t\t<div class=\"elementor-widget-container\">\n\t\t\t\t\t<h2 class=\"elementor-heading-title elementor-size-default\">\u00bfPor qu\u00e9 dar?<\/h2>\t\t\t\t<\/div>\n\t\t\t\t<\/div>\n\t\t\t\t<div class=\"elementor-element elementor-element-26bd9cd9 elementor-widget__width-auto elementor-widget elementor-widget-text-editor\" data-id=\"26bd9cd9\" data-element_type=\"widget\" data-widget_type=\"text-editor.default\">\n\t\t\t\t<div class=\"elementor-widget-container\">\n\t\t\t\t\t\t\t\t\t<p><span><em>\u201cDesear\u00eda estar muerta. Nadie me necesita, nadie me ama, deber\u00eda estar muerta\u201d.<\/em><\/span><\/p>\n<p><span>Mary hizo estas declaraciones una y otra vez expresando su deseo de morir. El enemigo la hab\u00eda convencido de que su vida carec\u00eda de valor y prop\u00f3sito. Los abortos que tuvo en su juventud abrieron la puerta y el esp\u00edritu de muerte entr\u00f3 en su alma. Referida a nosotros por una amiga, Mary se prepar\u00f3 para la sesi\u00f3n de liberaci\u00f3n personal. \u00a1Mary estaba desesperada por recibir la libertad que solo Dios puede dar! Solo unas pocas semanas antes de su cita de liberaci\u00f3n, ella hab\u00eda intentado suicidarse. \u00a1El Esp\u00edritu Santo estuvo presente en la sesi\u00f3n y con seguimiento y atenci\u00f3n posterior, su vida ha sido transformada! El deseo de morir y la depresi\u00f3n se fueron de su vida por completo. La expresi\u00f3n de su rostro ahora refleja alegr\u00eda y alivio. \u00a1Gracias Jes\u00fas!<\/span><\/p>\n<p><span>Sembrar en este ministerio ayuda a las personas a liberarse de la depresi\u00f3n, la ansiedad, los pensamientos de suicidio y hasta enfermedades f\u00edsicas, puesto que el cuerpo refleja muchas veces tu situaci\u00f3n espiritual.\u00a0\u00a0<\/span><\/p>\n<p><span>Cuando siembras en este ministerio incluso puedes salvar vidas, como la vida de Mary, quien antes hab\u00eda intentado quitarse la vida varias veces.\u00a0<\/span><\/p>\n<p><span>Con su donaci\u00f3n podemos producir e imprimir recursos; podemos capacitar a las personas a trav\u00e9s de seminarios y adicionalmente atenderlas durante sesiones de liberaci\u00f3n personal.\u00a0<\/span><\/p>\n<p><span>Mary y muchos como ella cuentan contigo. \u00a1Toda donaci\u00f3n es de impacto!\u00a0<\/span><\/p>\n<p><span>Tu donativo es deducible de impuestos.<\/span><\/p>\n<p><span>\u00a1Gracias y que Dios te bendiga abundantemente!<\/span><\/p>\n<p><span>Ernie y Silvia<\/span><\/p>\t\t\t\t\t\t\t\t<\/div>\n\t\t\t\t<\/div>\n\t\t\t\t<\/div>\n\t\t<div class=\"elementor-element elementor-element-22f39348 e-con-full e-flex e-con e-child\" data-id=\"22f39348\" data-element_type=\"container\" id=\"online\">\n\t\t\t\t<div class=\"elementor-element elementor-element-5f356e17 elementor-widget elementor-widget-spacer\" data-id=\"5f356e17\" data-element_type=\"widget\" data-widget_type=\"spacer.default\">\n\t\t\t\t<div class=\"elementor-widget-container\">\n\t\t\t\t\t\t\t<div class=\"elementor-spacer\">\n\t\t\t<div class=\"elementor-spacer-inner\"><\/div>\n\t\t<\/div>\n\t\t\t\t\t\t<\/div>\n\t\t\t\t<\/div>\n\t\t\t\t<div class=\"elementor-element elementor-element-647914ba elementor-widget__width-initial elementor-widget-tablet__width-inherit elementor-widget elementor-widget-heading\" data-id=\"647914ba\" data-element_type=\"widget\" data-widget_type=\"heading.default\">\n\t\t\t\t<div class=\"elementor-widget-container\">\n\t\t\t\t\t<h2 class=\"elementor-heading-title elementor-size-default\">\u00bfPor qu\u00e9 dar en l\u00ednea?<\/h2>\t\t\t\t<\/div>\n\t\t\t\t<\/div>\n\t\t\t\t<div class=\"elementor-element elementor-element-28979cff elementor-widget__width-auto elementor-widget elementor-widget-text-editor\" data-id=\"28979cff\" data-element_type=\"widget\" data-widget_type=\"text-editor.default\">\n\t\t\t\t<div class=\"elementor-widget-container\">\n\t\t\t\t\t\t\t\t\t<p><span>Dar en l\u00ednea es r\u00e1pido, f\u00e1cil y seguro. Nuestras donaciones se toman a trav\u00e9s de Paypal para que pueda pagar con Visa, Mastercard, American Express y Discover<\/span><\/p>\n<p><strong>Paypal<\/strong> Donationes: <strong><a href=\"https:\/\/www.paypal.com\/donate\/?cmd=_s-xclick&amp;hosted_button_id=4DL9J7BCB3L26&amp;source=url&amp;ssrt=1733970591216\">AQU\u00cd<\/a><\/strong><\/p>\n<p><strong>Zelle<\/strong>\u00a0Donaciones: ernie@daystream.org<\/p>\t\t\t\t\t\t\t\t<\/div>\n\t\t\t\t<\/div>\n\t\t\t\t<\/div>\n\t\t<div class=\"elementor-element elementor-element-4807c0b1 e-con-full e-flex e-con e-child\" data-id=\"4807c0b1\" data-element_type=\"container\" id=\"mail\">\n\t\t\t\t<div class=\"elementor-element elementor-element-2aa182cd elementor-widget elementor-widget-spacer\" data-id=\"2aa182cd\" data-element_type=\"widget\" data-widget_type=\"spacer.default\">\n\t\t\t\t<div class=\"elementor-widget-container\">\n\t\t\t\t\t\t\t<div class=\"elementor-spacer\">\n\t\t\t<div class=\"elementor-spacer-inner\"><\/div>\n\t\t<\/div>\n\t\t\t\t\t\t<\/div>\n\t\t\t\t<\/div>\n\t\t\t\t<div class=\"elementor-element elementor-element-16b0d3bf elementor-widget__width-initial elementor-widget-tablet__width-inherit elementor-widget elementor-widget-heading\" data-id=\"16b0d3bf\" data-element_type=\"widget\" data-widget_type=\"heading.default\">\n\t\t\t\t<div class=\"elementor-widget-container\">\n\t\t\t\t\t<h2 class=\"elementor-heading-title elementor-size-default\">Tambi\u00e9n puedes dar por correo<\/h2>\t\t\t\t<\/div>\n\t\t\t\t<\/div>\n\t\t\t\t<div class=\"elementor-element elementor-element-5f5b92e6 elementor-widget__width-auto elementor-widget elementor-widget-text-editor\" data-id=\"5f5b92e6\" data-element_type=\"widget\" data-widget_type=\"text-editor.default\">\n\t\t\t\t<div class=\"elementor-widget-container\">\n\t\t\t\t\t\t\t\t\t<p><span>Tambi\u00e9n puede enviar su donaci\u00f3n deducible de impuestos a:<\/span><\/p>\n<h4><em><strong>DayStream Ministries International<\/strong><\/em><\/h4>\n<h4><em><strong>PO Box 5261<\/strong><\/em><\/h4>\n<h4><em><strong>Lighthouse Point, FL 33074<\/strong><\/em><\/h4>\t\t\t\t\t\t\t\t<\/div>\n\t\t\t\t<\/div>\n\t\t\t\t<\/div>\n\t\t\t\t<\/div>\n\t\t\t\t<\/div>\n\t\t<div class=\"elementor-element elementor-element-e6c1afd e-flex e-con-boxed e-con e-parent\" data-id=\"e6c1afd\" data-element_type=\"container\">\n\t\t\t\t\t<div class=\"e-con-inner\">\n\t\t\t\t<div class=\"elementor-element elementor-element-398fccf5 elementor-widget elementor-widget-spacer\" data-id=\"398fccf5\" data-element_type=\"widget\" data-widget_type=\"spacer.default\">\n\t\t\t\t<div class=\"elementor-widget-container\">\n\t\t\t\t\t\t\t<div class=\"elementor-spacer\">\n\t\t\t<div class=\"elementor-spacer-inner\"><\/div>\n\t\t<\/div>\n\t\t\t\t\t\t<\/div>\n\t\t\t\t<\/div>\n\t\t\t\t\t<\/div>\n\t\t\t\t<\/div>\n\t\t\t\t<\/div>\n\t\t","protected":false},"excerpt":{"rendered":"<p>donar \u2014 Tu Generosidad Cuenta DONAR EN L\u00cdNEA DONAR POR CORREO \u00bfPor qu\u00e9 dar? \u201cDesear\u00eda estar muerta. Nadie me necesita, nadie me ama, deber\u00eda estar muerta\u201d. Mary hizo estas declaraciones una y otra vez expresando su deseo de morir. El enemigo la hab\u00eda convencido de que su vida carec\u00eda de valor y prop\u00f3sito. Los abortos [&hellip;]<\/p>\n","protected":false},"author":1,"featured_media":0,"parent":0,"menu_order":0,"comment_status":"closed","ping_status":"closed","template":"elementor_header_footer","meta":{"_monsterinsights_skip_tracking":false,"_monsterinsights_sitenote_active":false,"_monsterinsights_sitenote_note":"","_monsterinsights_sitenote_category":0,"footnotes":""},"class_list":["post-757","page","type-page","status-publish","hentry"],"_links":{"self":[{"href":"https:\/\/liberacionenjesus.com\/index.php\/wp-json\/wp\/v2\/pages\/757","targetHints":{"allow":["GET"]}}],"collection":[{"href":"https:\/\/liberacionenjesus.com\/index.php\/wp-json\/wp\/v2\/pages"}],"about":[{"href":"https:\/\/liberacionenjesus.com\/index.php\/wp-json\/wp\/v2\/types\/page"}],"author":[{"embeddable":true,"href":"https:\/\/liberacionenjesus.com\/index.php\/wp-json\/wp\/v2\/users\/1"}],"replies":[{"embeddable":true,"href":"https:\/\/liberacionenjesus.com\/index.php\/wp-json\/wp\/v2\/comments?post=757"}],"version-history":[{"count":40,"href":"https:\/\/liberacionenjesus.com\/index.php\/wp-json\/wp\/v2\/pages\/757\/revisions"}],"predecessor-version":[{"id":1208,"href":"https:\/\/liberacionenjesus.com\/index.php\/wp-json\/wp\/v2\/pages\/757\/revisions\/1208"}],"wp:attachment":[{"href":"https:\/\/liberacionenjesus.com\/index.php\/wp-json\/wp\/v2\/media?parent=757"}],"curies":[{"name":"wp","href":"https:\/\/api.w.org\/{rel}","templated":true}]}}