{"id":37,"date":"2015-09-07T20:35:42","date_gmt":"2015-09-07T20:35:42","guid":{"rendered":"http:\/\/liberacionenjesus.com\/?page_id=37"},"modified":"2018-12-07T01:41:20","modified_gmt":"2018-12-07T01:41:20","slug":"inicio","status":"publish","type":"page","link":"https:\/\/liberacionenjesus.com\/index.php\/inicio\/","title":{"rendered":"Inicio"},"content":{"rendered":"<p>[et_pb_section fb_built=&#8221;1&#8243; fullwidth=&#8221;on&#8221; admin_label=&#8221;Section&#8221; _builder_version=&#8221;3.0.47&#8243;][et_pb_fullwidth_slider admin_label=&#8221;Fullwidth Slider&#8221; _builder_version=&#8221;3.0.99&#8243; background_size=&#8221;default&#8221; background_position=&#8221;default&#8221; box_shadow_style=&#8221;preset6&#8243; box_shadow_blur=&#8221;10px&#8221; box_shadow_color=&#8221;rgba(0,0,0,0.1)&#8221; custom_padding=&#8221;|||&#8221; custom_padding_tablet=&#8221;|||&#8221; custom_padding_phone=&#8221;|||&#8221; remove_inner_shadow=&#8221;off&#8221; hide_content_on_mobile=&#8221;off&#8221; hide_cta_on_mobile=&#8221;off&#8221; show_inner_shadow=&#8221;on&#8221;][et_pb_slide _builder_version=&#8221;3.0.47&#8243; background_color=&#8221;#ffffff&#8221; background_image=&#8221;http:\/\/liberacionenjesus.com\/wp-content\/uploads\/2015\/09\/A-Pulling-Back-Darkness.jpg&#8221; background_size=&#8221;default&#8221; background_position=&#8221;default&#8221; button_icon_placement=&#8221;right&#8221; button_on_hover=&#8221;on&#8221;] [\/et_pb_slide][et_pb_slide _builder_version=&#8221;3.0.47&#8243; background_color=&#8221;#ffffff&#8221; background_image=&#8221;http:\/\/liberacionenjesus.com\/wp-content\/uploads\/2015\/09\/A-Step-of-Faith.jpg&#8221; background_size=&#8221;default&#8221; background_position=&#8221;default&#8221; button_icon_placement=&#8221;right&#8221; button_on_hover=&#8221;on&#8221;] [\/et_pb_slide][et_pb_slide _builder_version=&#8221;3.0.47&#8243; background_color=&#8221;#ffffff&#8221; background_image=&#8221;http:\/\/liberacionenjesus.com\/wp-content\/uploads\/2015\/09\/Open-to-Freedon.jpg&#8221; background_size=&#8221;default&#8221; background_position=&#8221;default&#8221; button_icon_placement=&#8221;right&#8221; button_on_hover=&#8221;on&#8221;] [\/et_pb_slide][\/et_pb_fullwidth_slider][\/et_pb_section][et_pb_section fb_built=&#8221;1&#8243; inner_shadow=&#8221;on&#8221; fullwidth=&#8221;on&#8221; admin_label=&#8221;section&#8221; _builder_version=&#8221;3.0.74&#8243; background_color=&#8221;#f7f7f7&#8243;][et_pb_fullwidth_header text_orientation=&#8221;center&#8221; admin_label=&#8221;Fullwidth Header&#8221; _builder_version=&#8221;3.2&#8243; background_color=&#8221;rgba(255, 255, 255, 0)&#8221; background_layout=&#8221;light&#8221;]<\/p>\n<h2>Destruyendo el poder de las tinieblas\u2026<\/h2>\n<h2>Tomando los pasos necesarios para entrar a la nueva vida en Cristo\u2026<\/h2>\n<h2>\u00a1Disfrutando la libertad, sirviendo con pasi\u00f3n y estableciendo un legado de bendiciones!<\/h2>\n<p>[\/et_pb_fullwidth_header][\/et_pb_section][et_pb_section fb_built=&#8221;1&#8243; fullwidth=&#8221;on&#8221; admin_label=&#8221;Section&#8221; _builder_version=&#8221;3.0.47&#8243;][et_pb_fullwidth_header admin_label=&#8221;Fullwidth Header&#8221; _builder_version=&#8221;3.2&#8243; background_color=&#8221;rgba(255, 255, 255, 0)&#8221; background_layout=&#8221;light&#8221;]<\/p>\n<h1 style=\"text-align: center;\">5 \u00c1reas B\u00e1sicas en Liberaci\u00f3n<\/h1>\n<p>[\/et_pb_fullwidth_header][\/et_pb_section][et_pb_section fb_built=&#8221;1&#8243; admin_label=&#8221;section&#8221; _builder_version=&#8221;3.0.74&#8243; background_color=&#8221;#ffffff&#8221;][et_pb_row admin_label=&#8221;Row&#8221; _builder_version=&#8221;3.0.48&#8243; background_size=&#8221;initial&#8221; background_position=&#8221;top_left&#8221; background_repeat=&#8221;repeat&#8221;][et_pb_column type=&#8221;1_2&#8243; _builder_version=&#8221;3.0.47&#8243; parallax=&#8221;off&#8221; parallax_method=&#8221;on&#8221;][et_pb_image src=&#8221;http:\/\/liberacionenjesus.com\/wp-content\/uploads\/2015\/09\/Forgiveness.jpg&#8221; admin_label=&#8221;Image&#8221; _builder_version=&#8221;3.0.87&#8243; animation_style=&#8221;slide&#8221; animation_direction=&#8221;left&#8221; animation_duration=&#8221;500ms&#8221; animation_intensity_slide=&#8221;10%&#8221; use_border_color=&#8221;off&#8221; border_color=&#8221;#ffffff&#8221; border_style=&#8221;solid&#8221; animation=&#8221;left&#8221; sticky=&#8221;off&#8221;] [\/et_pb_image][et_pb_text admin_label=&#8221;Text&#8221; _builder_version=&#8221;3.0.87&#8243; background_size=&#8221;initial&#8221; background_position=&#8221;top_left&#8221; background_repeat=&#8221;repeat&#8221; use_border_color=&#8221;off&#8221; border_color=&#8221;#ffffff&#8221; border_style=&#8221;solid&#8221;]El Perd\u00f3n<\/p>\n<p>En el momento de una herida, el dolor que se siente es real ya que la herida es una realidad. Ese dolor provoca una reacci\u00f3n totalmente natural de edificar un muro de protecci\u00f3n alrededor del coraz\u00f3n. A medida de que pasa el tiempo el muro se convierte en una c\u00e1rcel en donde la persona ofendida est\u00e1 siendo atormentada por esp\u00edritus inmundos y vive una vida de tortura constante. Con el poder de Dios y la decisi\u00f3n de perdonar puede ser libre para amar y recibir amor.<br \/>\n[\/et_pb_text][\/et_pb_column][et_pb_column type=&#8221;1_2&#8243; _builder_version=&#8221;3.0.47&#8243; parallax=&#8221;off&#8221; parallax_method=&#8221;on&#8221;][et_pb_image src=&#8221;http:\/\/liberacionenjesus.com\/wp-content\/uploads\/2015\/09\/Inner-Healing.jpg&#8221; admin_label=&#8221;Image&#8221; _builder_version=&#8221;3.0.87&#8243; animation_style=&#8221;slide&#8221; animation_direction=&#8221;left&#8221; animation_duration=&#8221;500ms&#8221; animation_intensity_slide=&#8221;10%&#8221; use_border_color=&#8221;off&#8221; border_color=&#8221;#ffffff&#8221; border_style=&#8221;solid&#8221; animation=&#8221;left&#8221; sticky=&#8221;off&#8221;] [\/et_pb_image][et_pb_text admin_label=&#8221;Text&#8221; _builder_version=&#8221;3.0.87&#8243; background_size=&#8221;initial&#8221; background_position=&#8221;top_left&#8221; background_repeat=&#8221;repeat&#8221; use_border_color=&#8221;off&#8221; border_color=&#8221;#ffffff&#8221; border_style=&#8221;solid&#8221;]Sanidad Interior<\/p>\n<p>En un mundo injusto la mayor\u00eda pasa por situaciones dolorosas, injustas y traum\u00e1ticas. Esas memorias provocan temor, culpabilidad o verg\u00fcenza. Sin ser sanadas, las heridas llegan a ser como abscesos o tumores del esp\u00edritu humano. Con la direcci\u00f3n del Esp\u00edritu Santo se descubren las heridas y con el poder del Se\u00f1or se hace cirug\u00eda sobrenatural y el coraz\u00f3n recibe la verdad, la sanidad y la paz.<br \/>\n[\/et_pb_text][\/et_pb_column][\/et_pb_row][et_pb_row admin_label=&#8221;Row&#8221; _builder_version=&#8221;3.0.48&#8243; background_size=&#8221;initial&#8221; background_position=&#8221;top_left&#8221; background_repeat=&#8221;repeat&#8221;][et_pb_column type=&#8221;1_2&#8243; _builder_version=&#8221;3.0.47&#8243; parallax=&#8221;off&#8221; parallax_method=&#8221;on&#8221;][et_pb_image src=&#8221;http:\/\/liberacionenjesus.com\/wp-content\/uploads\/2015\/09\/Soul-Ties.jpg&#8221; admin_label=&#8221;Image&#8221; _builder_version=&#8221;3.0.87&#8243; animation_style=&#8221;slide&#8221; animation_direction=&#8221;left&#8221; animation_duration=&#8221;500ms&#8221; animation_intensity_slide=&#8221;10%&#8221; use_border_color=&#8221;off&#8221; border_color=&#8221;#ffffff&#8221; border_style=&#8221;solid&#8221; animation=&#8221;left&#8221; sticky=&#8221;off&#8221;] [\/et_pb_image][\/et_pb_column][et_pb_column type=&#8221;1_2&#8243; _builder_version=&#8221;3.0.47&#8243; parallax=&#8221;off&#8221; parallax_method=&#8221;on&#8221;][et_pb_text admin_label=&#8221;Text&#8221; _builder_version=&#8221;3.0.87&#8243; background_size=&#8221;initial&#8221; background_position=&#8221;top_left&#8221; background_repeat=&#8221;repeat&#8221; use_border_color=&#8221;off&#8221; border_color=&#8221;#ffffff&#8221; border_style=&#8221;solid&#8221;]Ligaduras Alm\u00e1ticas<\/p>\n<p>Principalmente se usa el t\u00e9rmino refiri\u00e9ndose al lazo que se forma cuando dos personas tienen relaciones sexuales. \u201c\u00bfO no sab\u00e9is que el que se une con una ramera, es un cuerpo con ella? Porque dice: Los dos ser\u00e1n una sola carne.\u201d 1 Corintios 6:16 La palabra \u201cunirse\u201d significa literalmente \u201cpegado con pegamiento.\u201d El acto f\u00edsico de las relaciones sexuales es<\/p>\n<p>mucho m\u00e1s que dos cuerpos que se unen. Adem\u00e1s del contacto f\u00edsico hay contacto a nivel del alma y del esp\u00edritu. Hay transferencia de bagaje espiritual, maldiciones generacionales y opresiones demon\u00edacas el uno para el otro. Cuando la relaci\u00f3n se rompe hay una fraccionamiento del alma como cuando una estatua fina cae al piso y se rompe en mil pedazos. S\u00f3lo Jes\u00fas puede restaurar el coraz\u00f3n roto.<br \/>\n[\/et_pb_text][\/et_pb_column][\/et_pb_row][et_pb_row admin_label=&#8221;Row&#8221; _builder_version=&#8221;3.0.48&#8243; background_size=&#8221;initial&#8221; background_position=&#8221;top_left&#8221; background_repeat=&#8221;repeat&#8221;][et_pb_column type=&#8221;1_2&#8243; _builder_version=&#8221;3.0.47&#8243; parallax=&#8221;off&#8221; parallax_method=&#8221;on&#8221;][et_pb_image src=&#8221;http:\/\/liberacionenjesus.com\/wp-content\/uploads\/2015\/09\/Generational-Curses.jpg&#8221; admin_label=&#8221;Image&#8221; _builder_version=&#8221;3.0.87&#8243; animation_style=&#8221;slide&#8221; animation_direction=&#8221;left&#8221; animation_duration=&#8221;500ms&#8221; animation_intensity_slide=&#8221;10%&#8221; use_border_color=&#8221;off&#8221; border_color=&#8221;#ffffff&#8221; border_style=&#8221;solid&#8221; animation=&#8221;left&#8221; sticky=&#8221;off&#8221;] [\/et_pb_image][et_pb_text admin_label=&#8221;Text&#8221; _builder_version=&#8221;3.0.87&#8243; background_size=&#8221;initial&#8221; background_position=&#8221;top_left&#8221; background_repeat=&#8221;repeat&#8221; use_border_color=&#8221;off&#8221; border_color=&#8221;#ffffff&#8221; border_style=&#8221;solid&#8221;]Maldiciones Generacionales<\/p>\n<p>El t\u00e9rmino \u201cpecados de los padres\u201d representa la suma de todos los pecados de nuestros ancestros. Ese pecado determina la herencia espiritual y produce las maldiciones generacionales como resultado. Esas maldiciones son nuestras tendencias torcidas: rebeli\u00f3n, car\u00e1cter torcido, orgullo y perversi\u00f3n. La maldici\u00f3n generacional nos hace propensos a cometer pecado; es la iniquidad del coraz\u00f3n. Jes\u00fas muri\u00f3 en la Cruz del Calvario para destruir el poder de las maldiciones generacionales y llevarnos a una nueva vida y libertad completa.<br \/>\n[\/et_pb_text][\/et_pb_column][et_pb_column type=&#8221;1_2&#8243; _builder_version=&#8221;3.0.47&#8243; parallax=&#8221;off&#8221; parallax_method=&#8221;on&#8221;][et_pb_image src=&#8221;http:\/\/liberacionenjesus.com\/wp-content\/uploads\/2015\/09\/Strongholds.jpg&#8221; admin_label=&#8221;Image&#8221; _builder_version=&#8221;3.0.87&#8243; animation_style=&#8221;slide&#8221; animation_direction=&#8221;left&#8221; animation_duration=&#8221;500ms&#8221; animation_intensity_slide=&#8221;10%&#8221; use_border_color=&#8221;off&#8221; border_color=&#8221;#ffffff&#8221; border_style=&#8221;solid&#8221; animation=&#8221;left&#8221; sticky=&#8221;off&#8221;] [\/et_pb_image][et_pb_text admin_label=&#8221;Text&#8221; _builder_version=&#8221;3.0.87&#8243; background_size=&#8221;initial&#8221; background_position=&#8221;top_left&#8221; background_repeat=&#8221;repeat&#8221; use_border_color=&#8221;off&#8221; border_color=&#8221;#ffffff&#8221; border_style=&#8221;solid&#8221;]Fortalezas<\/p>\n<p>Una fortaleza en el contexto de la liberaci\u00f3n es una estructura ubicada en el alma del individuo constituida de ideas y conceptos equivocados, actitudes, deseos, rebeld\u00eda, desobediencia, maldiciones generacionales, creencias destructivas y heridas que facilitan un ambiente agradable para la presencia de demonios. Liberaci\u00f3n es el proceso de deshacer todos los factores que construyeron la fortaleza, echando fuera todo esp\u00edritu inmundo y estableciendo Jes\u00fas como el Se\u00f1or.<br \/>\n[\/et_pb_text][\/et_pb_column][\/et_pb_row][\/et_pb_section][et_pb_section fb_built=&#8221;1&#8243; fullwidth=&#8221;on&#8221; admin_label=&#8221;Section&#8221; _builder_version=&#8221;3.0.47&#8243;][et_pb_fullwidth_image src=&#8221;http:\/\/liberacionenjesus.com\/wp-content\/uploads\/2015\/09\/Breaking-Chains.jpg&#8221; admin_label=&#8221;Fullwidth Image&#8221; _builder_version=&#8221;3.0.87&#8243; animation_style=&#8221;slide&#8221; animation_direction=&#8221;left&#8221; animation_duration=&#8221;500ms&#8221; animation_intensity_slide=&#8221;10%&#8221; use_border_color=&#8221;off&#8221; border_color=&#8221;#ffffff&#8221; border_style=&#8221;solid&#8221; animation=&#8221;left&#8221;][\/et_pb_fullwidth_image][\/et_pb_section][et_pb_section fb_built=&#8221;1&#8243; admin_label=&#8221;Section&#8221; _builder_version=&#8221;3.0.47&#8243;][et_pb_row admin_label=&#8221;Row&#8221; _builder_version=&#8221;3.0.48&#8243; background_size=&#8221;initial&#8221; background_position=&#8221;top_left&#8221; background_repeat=&#8221;repeat&#8221;][et_pb_column type=&#8221;4_4&#8243; _builder_version=&#8221;3.0.47&#8243; parallax=&#8221;off&#8221; parallax_method=&#8221;on&#8221;][et_pb_cta title=&#8221;\u201cToma los pasos necesarios para asegurar tu libertad en Cristo.\u201d&#8221; button_url=&#8221;http:\/\/liberacionenjesus.com\/index.php\/contactanos\/&#8221; button_text=&#8221;Cont\u00e1ctanos&#8221; admin_label=&#8221;Call To Action&#8221; _builder_version=&#8221;3.0.87&#8243; background_color=&#8221;#2ea3f2&#8243; background_size=&#8221;initial&#8221; background_position=&#8221;top_left&#8221; background_repeat=&#8221;repeat&#8221; use_border_color=&#8221;off&#8221; border_color=&#8221;#ffffff&#8221; border_style=&#8221;solid&#8221;] [\/et_pb_cta][\/et_pb_column][\/et_pb_row][\/et_pb_section][et_pb_section fb_built=&#8221;1&#8243; _builder_version=&#8221;3.14&#8243;][et_pb_row _builder_version=&#8221;3.14&#8243;][et_pb_column type=&#8221;4_4&#8243; _builder_version=&#8221;3.14&#8243; parallax=&#8221;off&#8221; parallax_method=&#8221;on&#8221;][et_pb_code _builder_version=&#8221;3.14&#8243;][mc4wp_form id=&quot;328&quot;][\/et_pb_code][\/et_pb_column][\/et_pb_row][\/et_pb_section]<\/p>\n","protected":false},"excerpt":{"rendered":"<p>[et_pb_section fb_built=&#8221;1&#8243; fullwidth=&#8221;on&#8221; admin_label=&#8221;Section&#8221; _builder_version=&#8221;3.0.47&#8243;][et_pb_fullwidth_slider admin_label=&#8221;Fullwidth Slider&#8221; _builder_version=&#8221;3.0.99&#8243; background_size=&#8221;default&#8221; background_position=&#8221;default&#8221; box_shadow_style=&#8221;preset6&#8243; box_shadow_blur=&#8221;10px&#8221; box_shadow_color=&#8221;rgba(0,0,0,0.1)&#8221; custom_padding=&#8221;|||&#8221; custom_padding_tablet=&#8221;|||&#8221; custom_padding_phone=&#8221;|||&#8221; remove_inner_shadow=&#8221;off&#8221; hide_content_on_mobile=&#8221;off&#8221; hide_cta_on_mobile=&#8221;off&#8221; show_inner_shadow=&#8221;on&#8221;][et_pb_slide _builder_version=&#8221;3.0.47&#8243; background_color=&#8221;#ffffff&#8221; background_image=&#8221;http:\/\/liberacionenjesus.com\/wp-content\/uploads\/2015\/09\/A-Pulling-Back-Darkness.jpg&#8221; background_size=&#8221;default&#8221; background_position=&#8221;default&#8221; button_icon_placement=&#8221;right&#8221; button_on_hover=&#8221;on&#8221;] [\/et_pb_slide][et_pb_slide _builder_version=&#8221;3.0.47&#8243; background_color=&#8221;#ffffff&#8221; background_image=&#8221;http:\/\/liberacionenjesus.com\/wp-content\/uploads\/2015\/09\/A-Step-of-Faith.jpg&#8221; background_size=&#8221;default&#8221; background_position=&#8221;default&#8221; button_icon_placement=&#8221;right&#8221; button_on_hover=&#8221;on&#8221;] [\/et_pb_slide][et_pb_slide _builder_version=&#8221;3.0.47&#8243; background_color=&#8221;#ffffff&#8221; background_image=&#8221;http:\/\/liberacionenjesus.com\/wp-content\/uploads\/2015\/09\/Open-to-Freedon.jpg&#8221; background_size=&#8221;default&#8221; background_position=&#8221;default&#8221; button_icon_placement=&#8221;right&#8221; button_on_hover=&#8221;on&#8221;] [\/et_pb_slide][\/et_pb_fullwidth_slider][\/et_pb_section][et_pb_section fb_built=&#8221;1&#8243; inner_shadow=&#8221;on&#8221; fullwidth=&#8221;on&#8221; admin_label=&#8221;section&#8221; _builder_version=&#8221;3.0.74&#8243; background_color=&#8221;#f7f7f7&#8243;][et_pb_fullwidth_header text_orientation=&#8221;center&#8221; admin_label=&#8221;Fullwidth Header&#8221; _builder_version=&#8221;3.2&#8243; background_color=&#8221;rgba(255, [&hellip;]<\/p>\n","protected":false},"author":1,"featured_media":0,"parent":0,"menu_order":0,"comment_status":"closed","ping_status":"closed","template":"","meta":{"_monsterinsights_skip_tracking":false,"_monsterinsights_sitenote_active":false,"_monsterinsights_sitenote_note":"","_monsterinsights_sitenote_category":0,"footnotes":""},"class_list":["post-37","page","type-page","status-publish","hentry"],"_links":{"self":[{"href":"https:\/\/liberacionenjesus.com\/index.php\/wp-json\/wp\/v2\/pages\/37","targetHints":{"allow":["GET"]}}],"collection":[{"href":"https:\/\/liberacionenjesus.com\/index.php\/wp-json\/wp\/v2\/pages"}],"about":[{"href":"https:\/\/liberacionenjesus.com\/index.php\/wp-json\/wp\/v2\/types\/page"}],"author":[{"embeddable":true,"href":"https:\/\/liberacionenjesus.com\/index.php\/wp-json\/wp\/v2\/users\/1"}],"replies":[{"embeddable":true,"href":"https:\/\/liberacionenjesus.com\/index.php\/wp-json\/wp\/v2\/comments?post=37"}],"version-history":[{"count":12,"href":"https:\/\/liberacionenjesus.com\/index.php\/wp-json\/wp\/v2\/pages\/37\/revisions"}],"predecessor-version":[{"id":333,"href":"https:\/\/liberacionenjesus.com\/index.php\/wp-json\/wp\/v2\/pages\/37\/revisions\/333"}],"wp:attachment":[{"href":"https:\/\/liberacionenjesus.com\/index.php\/wp-json\/wp\/v2\/media?parent=37"}],"curies":[{"name":"wp","href":"https:\/\/api.w.org\/{rel}","templated":true}]}}